{"id":383,"date":"2025-06-13T20:22:39","date_gmt":"2025-06-13T20:22:39","guid":{"rendered":"https:\/\/floresdelcaribe.com\/web\/?post_type=product&#038;p=383"},"modified":"2025-12-09T19:21:16","modified_gmt":"2025-12-09T19:21:16","slug":"coronas","status":"publish","type":"product","link":"https:\/\/floresdelcaribe.com\/web\/producto\/coronas\/","title":{"rendered":"F\u00fanebres # FB72"},"content":{"rendered":"<h1 style=\"text-align: center;\"><strong>Coronas econ\u00f3micas en Barranquilla<\/strong><\/h1>\n<p>Floristeria Flores Del Caribe env\u00eda hermosos\u00a0<strong>Arreglos F\u00fanebres en Barranquilla Colombia<\/strong>\u00a0a domicilio. Enviamos coronas a todas las funerarias de la ciudad:\u00a0 Jardines de la Eternidad Norte, Jardines de la Eternidad Sur, Funerarias los Olivos, Funeraria Universal, Funeraria\u00a0<strong>Capillas de la Fe, Funeraria los Andes, Abad\u00eda de La Ascensi\u00f3n entre otras.\u00a0\u00a0<\/strong><\/p>\n<h4><strong>Donde estamos ubicados<\/strong><\/h4>\n<p>Flores Del Caribe \u2013 Florister\u00eda en la ciudad de Barranquilla Colombia se encuentra ubicada en el Barrio el Recreo y nuestra \u00e1rea de operaciones en el Barrio de Chiquinquir\u00e1. Somos unas de las Florister\u00eda en Barranquilla con m\u00e1s trayectoria en mercado floral, constituida hace m\u00e1s de 10 a\u00f1os. Muchos clientes nos visitan buscando coronas, incluyendo aquellas en colaboraci\u00f3n con Jardines de la Eternidad Norte. Son muchos los ramos florales que nuestra Florister\u00eda env\u00eda a diario en todo Barranquilla y su \u00e1rea metropolitana.<\/p>\n<h4><strong>C\u00f3mo ordenar Flores en Barranquilla<\/strong><\/h4>\n<p>En Flores Del Caribe en la ciudad de Barranquilla es f\u00e1cil ordenar sus ramos florales de manera segura, puede ordenar sus ramos en l\u00ednea mediante la web www.floresdelcaribe.com o por nuestro WhatsApp\u00a0<strong>+57 312-7136002. Emitimos factura electr\u00f3nica a nuestros clientes.<\/strong><\/p>\n<h4><strong>Qu\u00e9 Productos ofrece Flores Del Caribe Barranquilla<\/strong><\/h4>\n<p>En primer lugar, Flores Del Caribe Barranquilla ofrece todo tipo de ramos florales, desde ramos de amor hasta ofrendas f\u00fanebres. Adem\u00e1s, contamos con m\u00e1s de 10 a\u00f1os de trayectoria en el mercado floral de Barranquilla. Aqu\u00ed tenemos coronas populares, incluyendo las de Jardines de la Eternidad Norte. Realizamos los mejores ramos florales de la ciudad. Su orden es tomada y procesada por nuestro equipo para prestar el mejor servicio en la entrega de los ramos florales.<\/p>\n<ul>\n<li>Coronas<\/li>\n<li>Pedestales<\/li>\n<\/ul>\n","protected":false},"excerpt":{"rendered":"[wpseo_address show_state=\"1\" show_country=\"1\" show_phone=\"1\" show_phone_2=\"1\" show_fax=\"1\" show_email=\"1\" show_coc=\"1\" show_logo=\"0\" show_opening_hours=\"1\"]\n","protected":false},"featured_media":378,"template":"","meta":[],"product_brand":[],"product_cat":[24],"product_tag":[],"class_list":{"0":"post-383","1":"product","2":"type-product","3":"status-publish","4":"has-post-thumbnail","6":"product_cat-funebres-ofertas","8":"first","9":"instock","10":"shipping-taxable","11":"purchasable","12":"product-type-simple"},"yoast_head":"<!-- This site is optimized with the Yoast SEO Premium plugin v27.4 (Yoast SEO v27.4) - https:\/\/yoast.com\/product\/yoast-seo-premium-wordpress\/ -->\n<title>Coronas: Arreglos F\u00fanebres en Barranquilla - Flores Del Caribe Barranquilla<\/title>\n<meta name=\"description\" content=\"Env\u00eda arreglos f\u00fanebres hermosos con Flores Del Caribe a todas las funerarias en Barranquilla. Descubre nuestros dise\u00f1os de Coronas.\" \/>\n<meta name=\"robots\" content=\"index, follow, max-snippet:-1, max-image-preview:large, max-video-preview:-1\" \/>\n<link rel=\"canonical\" href=\"https:\/\/floresdelcaribe.com\/web\/producto\/coronas\/\" \/>\n<meta property=\"og:locale\" content=\"es_ES\" \/>\n<meta property=\"og:type\" content=\"article\" \/>\n<meta property=\"og:title\" content=\"F\u00fanebres # FB72\" \/>\n<meta property=\"og:description\" content=\"Env\u00eda arreglos f\u00fanebres hermosos con Flores Del Caribe a todas las funerarias en Barranquilla. Descubre nuestros dise\u00f1os de Coronas.\" \/>\n<meta property=\"og:url\" content=\"https:\/\/floresdelcaribe.com\/web\/producto\/coronas\/\" \/>\n<meta property=\"og:site_name\" content=\"Flores Del Caribe Barranquilla\" \/>\n<meta property=\"article:publisher\" content=\"https:\/\/www.facebook.com\/FloresDelCaribe\/\" \/>\n<meta property=\"article:modified_time\" content=\"2025-12-09T19:21:16+00:00\" \/>\n<meta property=\"og:image\" content=\"https:\/\/floresdelcaribe.com\/web\/wp-content\/uploads\/2025\/06\/CORONA-05.png\" \/>\n\t<meta property=\"og:image:width\" content=\"500\" \/>\n\t<meta property=\"og:image:height\" content=\"500\" \/>\n\t<meta property=\"og:image:type\" content=\"image\/png\" \/>\n<meta name=\"twitter:card\" content=\"summary_large_image\" \/>\n<meta name=\"twitter:label1\" content=\"Precio\" \/>\n\t<meta name=\"twitter:data1\" content=\"&#036;&nbsp;180.000\" \/>\n\t<meta name=\"twitter:label2\" content=\"Disponibilidad\" \/>\n\t<meta name=\"twitter:data2\" content=\"Disponible\" \/>\n<script type=\"application\/ld+json\" class=\"yoast-schema-graph\">{\"@context\":\"https:\\\/\\\/schema.org\",\"@graph\":[{\"@type\":\"WebPage\",\"@id\":\"https:\\\/\\\/floresdelcaribe.com\\\/web\\\/producto\\\/coronas\\\/\",\"url\":\"https:\\\/\\\/floresdelcaribe.com\\\/web\\\/producto\\\/coronas\\\/\",\"name\":\"Coronas: Arreglos F\u00fanebres en Barranquilla - Flores Del Caribe Barranquilla\",\"isPartOf\":{\"@id\":\"https:\\\/\\\/floresdelcaribe.com\\\/web\\\/#website\"},\"primaryImageOfPage\":{\"@id\":\"https:\\\/\\\/floresdelcaribe.com\\\/web\\\/producto\\\/coronas\\\/#primaryimage\"},\"image\":{\"@id\":\"https:\\\/\\\/floresdelcaribe.com\\\/web\\\/producto\\\/coronas\\\/#primaryimage\"},\"thumbnailUrl\":\"https:\\\/\\\/floresdelcaribe.com\\\/web\\\/wp-content\\\/uploads\\\/2025\\\/06\\\/CORONA-05.png\",\"datePublished\":\"2025-06-13T20:22:39+00:00\",\"dateModified\":\"2025-12-09T19:21:16+00:00\",\"description\":\"Env\u00eda arreglos f\u00fanebres hermosos con Flores Del Caribe a todas las funerarias en Barranquilla. Descubre nuestros dise\u00f1os de Coronas.\",\"breadcrumb\":{\"@id\":\"https:\\\/\\\/floresdelcaribe.com\\\/web\\\/producto\\\/coronas\\\/#breadcrumb\"},\"inLanguage\":\"es\",\"potentialAction\":[{\"@type\":\"ReadAction\",\"target\":[\"https:\\\/\\\/floresdelcaribe.com\\\/web\\\/producto\\\/coronas\\\/\"]}]},{\"@type\":\"ImageObject\",\"inLanguage\":\"es\",\"@id\":\"https:\\\/\\\/floresdelcaribe.com\\\/web\\\/producto\\\/coronas\\\/#primaryimage\",\"url\":\"https:\\\/\\\/floresdelcaribe.com\\\/web\\\/wp-content\\\/uploads\\\/2025\\\/06\\\/CORONA-05.png\",\"contentUrl\":\"https:\\\/\\\/floresdelcaribe.com\\\/web\\\/wp-content\\\/uploads\\\/2025\\\/06\\\/CORONA-05.png\",\"width\":500,\"height\":500,\"caption\":\"Coronas Jardines eternidad norte\"},{\"@type\":\"BreadcrumbList\",\"@id\":\"https:\\\/\\\/floresdelcaribe.com\\\/web\\\/producto\\\/coronas\\\/#breadcrumb\",\"itemListElement\":[{\"@type\":\"ListItem\",\"position\":1,\"name\":\"Home\",\"item\":\"https:\\\/\\\/floresdelcaribe.com\\\/web\\\/\"},{\"@type\":\"ListItem\",\"position\":2,\"name\":\"Tienda\",\"item\":\"https:\\\/\\\/floresdelcaribe.com\\\/web\\\/tienda\\\/\"},{\"@type\":\"ListItem\",\"position\":3,\"name\":\"F\u00fanebres # FB72\"}]},{\"@type\":\"WebSite\",\"@id\":\"https:\\\/\\\/floresdelcaribe.com\\\/web\\\/#website\",\"url\":\"https:\\\/\\\/floresdelcaribe.com\\\/web\\\/\",\"name\":\"https:\\\/\\\/floresdelcaribe.com\\\/web\\\/\",\"description\":\"Floristerias en Barranquilla Colombia, envio de flores a domicilio\",\"publisher\":{\"@id\":\"https:\\\/\\\/floresdelcaribe.com\\\/web\\\/#organization\"},\"alternateName\":\"Floristeria Flores Del Caribe\",\"potentialAction\":[{\"@type\":\"SearchAction\",\"target\":{\"@type\":\"EntryPoint\",\"urlTemplate\":\"https:\\\/\\\/floresdelcaribe.com\\\/web\\\/?s={search_term_string}\"},\"query-input\":{\"@type\":\"PropertyValueSpecification\",\"valueRequired\":true,\"valueName\":\"search_term_string\"}}],\"inLanguage\":\"es\"},{\"@type\":[\"Organization\",\"Place\"],\"@id\":\"https:\\\/\\\/floresdelcaribe.com\\\/web\\\/#organization\",\"name\":\"Flores Del Caribe barranquilla\",\"alternateName\":\"Floristeria Flores Del Caribe en Barranquilla Colombia\",\"url\":\"https:\\\/\\\/floresdelcaribe.com\\\/web\\\/\",\"logo\":{\"@id\":\"https:\\\/\\\/floresdelcaribe.com\\\/web\\\/producto\\\/coronas\\\/#local-main-organization-logo\"},\"image\":{\"@id\":\"https:\\\/\\\/floresdelcaribe.com\\\/web\\\/producto\\\/coronas\\\/#local-main-organization-logo\"},\"sameAs\":[\"https:\\\/\\\/www.facebook.com\\\/FloresDelCaribe\\\/\"],\"description\":\"Floristeria Flores Del Caribe en una empresa con sedes en Cartagena, Barranquilla, Monteria, Santa Marta, Valledupar especializadas en la elaboraci\u00f3n de ramos florales a domicilio. Contamos con mas de 10 a\u00f1os de experiencia en el campo floral.\",\"legalName\":\"Flores Del Caribe\",\"foundingDate\":\"2016-06-16\",\"numberOfEmployees\":{\"@type\":\"QuantitativeValue\",\"minValue\":\"11\",\"maxValue\":\"50\"},\"publishingPrinciples\":\"https:\\\/\\\/floresdelcaribe.com\\\/web\\\/\",\"ownershipFundingInfo\":\"https:\\\/\\\/floresdelcaribe.com\\\/web\\\/\",\"actionableFeedbackPolicy\":\"https:\\\/\\\/floresdelcaribe.com\\\/web\\\/\",\"correctionsPolicy\":\"https:\\\/\\\/floresdelcaribe.com\\\/web\\\/\",\"ethicsPolicy\":\"https:\\\/\\\/floresdelcaribe.com\\\/web\\\/\",\"diversityPolicy\":\"https:\\\/\\\/floresdelcaribe.com\\\/web\\\/\",\"diversityStaffingReport\":\"https:\\\/\\\/floresdelcaribe.com\\\/web\\\/\",\"address\":{\"@id\":\"https:\\\/\\\/floresdelcaribe.com\\\/web\\\/producto\\\/coronas\\\/#local-main-place-address\"},\"telephone\":[\"+57 312 7136002\"],\"contactPoint\":{\"@type\":\"ContactPoint\",\"telephone\":\"+57 312 7136002\"},\"openingHoursSpecification\":[{\"@type\":\"OpeningHoursSpecification\",\"dayOfWeek\":[\"Monday\",\"Tuesday\",\"Wednesday\",\"Thursday\",\"Friday\",\"Saturday\",\"Sunday\"],\"opens\":\"07:00\",\"closes\":\"18:00\"}],\"email\":\"contacto@floresdelcaribe.com\",\"areaServed\":\"Barranquilla, Soledad, Malambo y dem\u00e1s pueblos\"},{\"@type\":\"PostalAddress\",\"@id\":\"https:\\\/\\\/floresdelcaribe.com\\\/web\\\/producto\\\/coronas\\\/#local-main-place-address\",\"streetAddress\":\"Calle 47D 32 90\",\"addressLocality\":\"Barranquilla Colombia\",\"postalCode\":\"080001\",\"addressRegion\":\"Atlantico\",\"addressCountry\":\"CO\"},{\"@type\":\"ImageObject\",\"inLanguage\":\"es\",\"@id\":\"https:\\\/\\\/floresdelcaribe.com\\\/web\\\/producto\\\/coronas\\\/#local-main-organization-logo\",\"url\":\"https:\\\/\\\/floresdelcaribe.com\\\/web\\\/wp-content\\\/uploads\\\/2025\\\/08\\\/Sin-titulo-1200-x-675-px.png\",\"contentUrl\":\"https:\\\/\\\/floresdelcaribe.com\\\/web\\\/wp-content\\\/uploads\\\/2025\\\/08\\\/Sin-titulo-1200-x-675-px.png\",\"width\":1200,\"height\":675,\"caption\":\"Flores Del Caribe barranquilla\"}]}<\/script>\n<meta property=\"product:price:amount\" content=\"180000\" \/>\n<meta property=\"product:price:currency\" content=\"COP\" \/>\n<meta property=\"og:availability\" content=\"instock\" \/>\n<meta property=\"product:availability\" content=\"instock\" \/>\n<meta property=\"product:retailer_item_id\" content=\"Coronas Jardines eternidad norte\" \/>\n<meta property=\"product:condition\" content=\"new\" \/>\n<meta name=\"geo.placename\" content=\"Barranquilla Colombia\" \/>\n<meta name=\"geo.region\" content=\"Colombia\" \/>\n<!-- \/ Yoast SEO Premium plugin. -->","yoast_head_json":{"title":"Coronas: Arreglos F\u00fanebres en Barranquilla - Flores Del Caribe Barranquilla","description":"Env\u00eda arreglos f\u00fanebres hermosos con Flores Del Caribe a todas las funerarias en Barranquilla. Descubre nuestros dise\u00f1os de Coronas.","robots":{"index":"index","follow":"follow","max-snippet":"max-snippet:-1","max-image-preview":"max-image-preview:large","max-video-preview":"max-video-preview:-1"},"canonical":"https:\/\/floresdelcaribe.com\/web\/producto\/coronas\/","og_locale":"es_ES","og_type":"article","og_title":"F\u00fanebres # FB72","og_description":"Env\u00eda arreglos f\u00fanebres hermosos con Flores Del Caribe a todas las funerarias en Barranquilla. Descubre nuestros dise\u00f1os de Coronas.","og_url":"https:\/\/floresdelcaribe.com\/web\/producto\/coronas\/","og_site_name":"Flores Del Caribe Barranquilla","article_publisher":"https:\/\/www.facebook.com\/FloresDelCaribe\/","article_modified_time":"2025-12-09T19:21:16+00:00","og_image":[{"width":500,"height":500,"url":"https:\/\/floresdelcaribe.com\/web\/wp-content\/uploads\/2025\/06\/CORONA-05.png","type":"image\/png"}],"twitter_card":"summary_large_image","twitter_misc":{"Precio":"&#36;&nbsp;180.000","Disponibilidad":"Disponible"},"schema":{"@context":"https:\/\/schema.org","@graph":[{"@type":"WebPage","@id":"https:\/\/floresdelcaribe.com\/web\/producto\/coronas\/","url":"https:\/\/floresdelcaribe.com\/web\/producto\/coronas\/","name":"Coronas: Arreglos F\u00fanebres en Barranquilla - Flores Del Caribe Barranquilla","isPartOf":{"@id":"https:\/\/floresdelcaribe.com\/web\/#website"},"primaryImageOfPage":{"@id":"https:\/\/floresdelcaribe.com\/web\/producto\/coronas\/#primaryimage"},"image":{"@id":"https:\/\/floresdelcaribe.com\/web\/producto\/coronas\/#primaryimage"},"thumbnailUrl":"https:\/\/floresdelcaribe.com\/web\/wp-content\/uploads\/2025\/06\/CORONA-05.png","datePublished":"2025-06-13T20:22:39+00:00","dateModified":"2025-12-09T19:21:16+00:00","description":"Env\u00eda arreglos f\u00fanebres hermosos con Flores Del Caribe a todas las funerarias en Barranquilla. Descubre nuestros dise\u00f1os de Coronas.","breadcrumb":{"@id":"https:\/\/floresdelcaribe.com\/web\/producto\/coronas\/#breadcrumb"},"inLanguage":"es","potentialAction":[{"@type":"ReadAction","target":["https:\/\/floresdelcaribe.com\/web\/producto\/coronas\/"]}]},{"@type":"ImageObject","inLanguage":"es","@id":"https:\/\/floresdelcaribe.com\/web\/producto\/coronas\/#primaryimage","url":"https:\/\/floresdelcaribe.com\/web\/wp-content\/uploads\/2025\/06\/CORONA-05.png","contentUrl":"https:\/\/floresdelcaribe.com\/web\/wp-content\/uploads\/2025\/06\/CORONA-05.png","width":500,"height":500,"caption":"Coronas Jardines eternidad norte"},{"@type":"BreadcrumbList","@id":"https:\/\/floresdelcaribe.com\/web\/producto\/coronas\/#breadcrumb","itemListElement":[{"@type":"ListItem","position":1,"name":"Home","item":"https:\/\/floresdelcaribe.com\/web\/"},{"@type":"ListItem","position":2,"name":"Tienda","item":"https:\/\/floresdelcaribe.com\/web\/tienda\/"},{"@type":"ListItem","position":3,"name":"F\u00fanebres # FB72"}]},{"@type":"WebSite","@id":"https:\/\/floresdelcaribe.com\/web\/#website","url":"https:\/\/floresdelcaribe.com\/web\/","name":"https:\/\/floresdelcaribe.com\/web\/","description":"Floristerias en Barranquilla Colombia, envio de flores a domicilio","publisher":{"@id":"https:\/\/floresdelcaribe.com\/web\/#organization"},"alternateName":"Floristeria Flores Del Caribe","potentialAction":[{"@type":"SearchAction","target":{"@type":"EntryPoint","urlTemplate":"https:\/\/floresdelcaribe.com\/web\/?s={search_term_string}"},"query-input":{"@type":"PropertyValueSpecification","valueRequired":true,"valueName":"search_term_string"}}],"inLanguage":"es"},{"@type":["Organization","Place"],"@id":"https:\/\/floresdelcaribe.com\/web\/#organization","name":"Flores Del Caribe barranquilla","alternateName":"Floristeria Flores Del Caribe en Barranquilla Colombia","url":"https:\/\/floresdelcaribe.com\/web\/","logo":{"@id":"https:\/\/floresdelcaribe.com\/web\/producto\/coronas\/#local-main-organization-logo"},"image":{"@id":"https:\/\/floresdelcaribe.com\/web\/producto\/coronas\/#local-main-organization-logo"},"sameAs":["https:\/\/www.facebook.com\/FloresDelCaribe\/"],"description":"Floristeria Flores Del Caribe en una empresa con sedes en Cartagena, Barranquilla, Monteria, Santa Marta, Valledupar especializadas en la elaboraci\u00f3n de ramos florales a domicilio. Contamos con mas de 10 a\u00f1os de experiencia en el campo floral.","legalName":"Flores Del Caribe","foundingDate":"2016-06-16","numberOfEmployees":{"@type":"QuantitativeValue","minValue":"11","maxValue":"50"},"publishingPrinciples":"https:\/\/floresdelcaribe.com\/web\/","ownershipFundingInfo":"https:\/\/floresdelcaribe.com\/web\/","actionableFeedbackPolicy":"https:\/\/floresdelcaribe.com\/web\/","correctionsPolicy":"https:\/\/floresdelcaribe.com\/web\/","ethicsPolicy":"https:\/\/floresdelcaribe.com\/web\/","diversityPolicy":"https:\/\/floresdelcaribe.com\/web\/","diversityStaffingReport":"https:\/\/floresdelcaribe.com\/web\/","address":{"@id":"https:\/\/floresdelcaribe.com\/web\/producto\/coronas\/#local-main-place-address"},"telephone":["+57 312 7136002"],"contactPoint":{"@type":"ContactPoint","telephone":"+57 312 7136002"},"openingHoursSpecification":[{"@type":"OpeningHoursSpecification","dayOfWeek":["Monday","Tuesday","Wednesday","Thursday","Friday","Saturday","Sunday"],"opens":"07:00","closes":"18:00"}],"email":"contacto@floresdelcaribe.com","areaServed":"Barranquilla, Soledad, Malambo y dem\u00e1s pueblos"},{"@type":"PostalAddress","@id":"https:\/\/floresdelcaribe.com\/web\/producto\/coronas\/#local-main-place-address","streetAddress":"Calle 47D 32 90","addressLocality":"Barranquilla Colombia","postalCode":"080001","addressRegion":"Atlantico","addressCountry":"CO"},{"@type":"ImageObject","inLanguage":"es","@id":"https:\/\/floresdelcaribe.com\/web\/producto\/coronas\/#local-main-organization-logo","url":"https:\/\/floresdelcaribe.com\/web\/wp-content\/uploads\/2025\/08\/Sin-titulo-1200-x-675-px.png","contentUrl":"https:\/\/floresdelcaribe.com\/web\/wp-content\/uploads\/2025\/08\/Sin-titulo-1200-x-675-px.png","width":1200,"height":675,"caption":"Flores Del Caribe barranquilla"}]},"product_price_amount":"180000","product_price_currency":"COP","og_availability":"instock","product_availability":"instock","product_retailer_item_id":"Coronas Jardines eternidad norte","product_condition":"new","geo.placename":"Barranquilla Colombia","geo.region":"Colombia"},"_links":{"self":[{"href":"https:\/\/floresdelcaribe.com\/web\/wp-json\/wp\/v2\/product\/383","targetHints":{"allow":["GET"]}}],"collection":[{"href":"https:\/\/floresdelcaribe.com\/web\/wp-json\/wp\/v2\/product"}],"about":[{"href":"https:\/\/floresdelcaribe.com\/web\/wp-json\/wp\/v2\/types\/product"}],"wp:featuredmedia":[{"embeddable":true,"href":"https:\/\/floresdelcaribe.com\/web\/wp-json\/wp\/v2\/media\/378"}],"wp:attachment":[{"href":"https:\/\/floresdelcaribe.com\/web\/wp-json\/wp\/v2\/media?parent=383"}],"wp:term":[{"taxonomy":"product_brand","embeddable":true,"href":"https:\/\/floresdelcaribe.com\/web\/wp-json\/wp\/v2\/product_brand?post=383"},{"taxonomy":"product_cat","embeddable":true,"href":"https:\/\/floresdelcaribe.com\/web\/wp-json\/wp\/v2\/product_cat?post=383"},{"taxonomy":"product_tag","embeddable":true,"href":"https:\/\/floresdelcaribe.com\/web\/wp-json\/wp\/v2\/product_tag?post=383"}],"curies":[{"name":"wp","href":"https:\/\/api.w.org\/{rel}","templated":true}]}}